{"id":117,"date":"2013-11-20T15:49:52","date_gmt":"2013-11-20T13:49:52","guid":{"rendered":"http:\/\/www.prettenthaler.at\/?page_id=117"},"modified":"2014-06-03T12:40:10","modified_gmt":"2014-06-03T10:40:10","slug":"impressum","status":"publish","type":"page","link":"https:\/\/www.prettenthaler.at\/?page_id=117","title":{"rendered":"Impressum"},"content":{"rendered":"<p>Mag. Werner Prettenthaler, Rechtsanwalt (R607966)<br \/>\nVoitsberger Stra\u00dfe 4<br \/>\n8572 B\u00e4rnbach<\/p>\n<p>Telefon: +43 3142 \/ 61200<br \/>\nTelefax: +43 3142 \/ 61200-4<br \/>\nE-Mail: <a href=\"mailto:office@prettenthaler.at\">office@prettenthaler.at<\/a><\/p>\n<p><strong>Sprechstelle<\/strong>:<br \/>\nSchie\u00dfstattgasse 37, 8010 Graz<br \/>\nTelefon: +43 316 \/ 81 06 62<\/p>\n<p><strong>UID-Nummer:<\/strong><br \/>\nATU64583926<\/p>\n<p><strong>Kammerzugeh\u00f6rigkeit:<\/strong><br \/>\nSteierm\u00e4rkische Rechtsanwaltskammer, <a href=\"http:\/\/www.rakstmk.at\">www.rakstmk.at<\/a><\/p>\n<p><strong>Standesrecht:<\/strong><br \/>\nRechtsanwaltsordnung (RAO), Richtlinien f\u00fcr die Aus\u00fcbung des Rechtsanwaltsberufes (RL-BA)<\/p>\n<p>Die Gestaltung der Website sowie deren Inhalt sind urheberrechtlich gesch\u00fctzt. Jede auch nur auszugsweise gewerbliche oder private Nutzung bedarf der vorherigen schriftlichen Genehmigung.<\/p>\n<p>Inhalte und Informationen auf dieser Website sind allgemeine Informationen und verstehen sich nicht als rechtliche oder au\u00dferrechtliche Beratung. F\u00fcr die Richtigkeit, Vollst\u00e4ndigkeit und Aktualit\u00e4t der Inhalte wird keinerlei Haftung \u00fcbernommen. F\u00fcr die Inhalte dieser Website sowie f\u00fcr den Inhalt verlinkter Websites wird keine Haftung \u00fcbernommen.<\/p>\n<p><strong>Homepage:<\/strong><br \/>\nDesigned by <a href=\"http:\/\/www.webprestige.at\" target=\"_blank\">Webprestige<\/a><br \/>\nFotos by <a href=\"http:\/\/www.foto-koren.at\/\" target=\"_blank\">Foto Koren<\/a><\/p>\n","protected":false},"excerpt":{"rendered":"<p>Mag. Werner Prettenthaler, Rechtsanwalt (R607966) Voitsberger Stra\u00dfe 4 8572 B\u00e4rnbach Telefon: +43 3142 \/ 61200 Telefax: +43 3142 \/ 61200-4 E-Mail: office@prettenthaler.at Sprechstelle: Schie\u00dfstattgasse 37, 8010 Graz Telefon: +43 316 \/ 81 06 62 UID-Nummer: ATU64583926 Kammerzugeh\u00f6rigkeit: Steierm\u00e4rkische Rechtsanwaltskammer, www.rakstmk.at Standesrecht: Rechtsanwaltsordnung (RAO), Richtlinien f\u00fcr die Aus\u00fcbung des Rechtsanwaltsberufes (RL-BA) Die Gestaltung der Website sowie [&hellip;]<\/p>\n","protected":false},"author":1,"featured_media":0,"parent":0,"menu_order":0,"comment_status":"open","ping_status":"open","template":"","meta":[],"_links":{"self":[{"href":"https:\/\/www.prettenthaler.at\/index.php?rest_route=\/wp\/v2\/pages\/117"}],"collection":[{"href":"https:\/\/www.prettenthaler.at\/index.php?rest_route=\/wp\/v2\/pages"}],"about":[{"href":"https:\/\/www.prettenthaler.at\/index.php?rest_route=\/wp\/v2\/types\/page"}],"author":[{"embeddable":true,"href":"https:\/\/www.prettenthaler.at\/index.php?rest_route=\/wp\/v2\/users\/1"}],"replies":[{"embeddable":true,"href":"https:\/\/www.prettenthaler.at\/index.php?rest_route=%2Fwp%2Fv2%2Fcomments&post=117"}],"version-history":[{"count":6,"href":"https:\/\/www.prettenthaler.at\/index.php?rest_route=\/wp\/v2\/pages\/117\/revisions"}],"predecessor-version":[{"id":422,"href":"https:\/\/www.prettenthaler.at\/index.php?rest_route=\/wp\/v2\/pages\/117\/revisions\/422"}],"wp:attachment":[{"href":"https:\/\/www.prettenthaler.at\/index.php?rest_route=%2Fwp%2Fv2%2Fmedia&parent=117"}],"curies":[{"name":"wp","href":"https:\/\/api.w.org\/{rel}","templated":true}]}}