{"id":171,"date":"2014-01-20T11:11:41","date_gmt":"2014-01-20T09:11:41","guid":{"rendered":"http:\/\/www.prettenthaler.at\/?page_id=171"},"modified":"2014-06-02T11:09:54","modified_gmt":"2014-06-02T09:09:54","slug":"honorar","status":"publish","type":"page","link":"https:\/\/www.prettenthaler.at\/?page_id=171","title":{"rendered":"Honorar"},"content":{"rendered":"<p>Das Honorar errechnet sich grunds\u00e4tzlich gem\u00e4\u00df den rechtlichen Bestimmungen des Rechtsanwaltstarifgesetzes (RATG) und der Autonomen Honorarkriterien (AHK) f\u00fcr Rechtsanw\u00e4lte.<\/p>\n<p>Sollten Sie \u00fcber eine Rechtsschutzversicherung verf\u00fcgen, so ist die Erstberatung f\u00fcr Sie kostenlos. Eine Abrechnung erfolgt direkt durch meine Kanzlei \u00fcber Ihre Rechtsschutzversicherung.<\/p>\n<p>Im Zuge der \u201eErsten Anwaltlichen Auskunft\u201c bieten die Rechtsanwaltskammern \u00d6sterreichs ein kostenloses Orientierungsgespr\u00e4ch f\u00fcr Rechtsausk\u00fcnfte an.<\/p>\n<h2>Konten:<\/h2>\n<div class=\"su-row\"><div class=\"su-column su-column-size-1-2\"><div class=\"su-column-inner su-u-clearfix su-u-trim\"><\/p>\n<h3>Sparkasse Voitsberg-K\u00f6flach AG<\/h3>\n<p>BIC: SPVOAT21XXX<br \/>\nIBAN: AT73 2083 9000 0001 1312 (Fremdgeldkonto)<br \/>\nIBAN: AT71 2083 9055 0105 4299 (Gesch\u00e4ftskonto)<\/p>\n<p><\/div><\/div> <div class=\"su-column su-column-size-1-2\"><div class=\"su-column-inner su-u-clearfix su-u-trim\"><\/p>\n<h3>Steierm\u00e4rkische Sparkasse<\/h3>\n<p>BIC: STSPAT2GXXX<br \/>\nIBAN: AT92 2081 5021 0045 1224<\/p>\n<p><\/div><\/div> <\/div>\n<h3>Raiffeisenbank Voitsberg eGen<\/h3>\n<p>BIC: RZSTAT2G487<br \/>\nIBAN: AT84 3848 7002 0111 4842 (Fremdgeldkonto)<br \/>\nIBAN: AT93 3848 7000 0111 4842 (Gesch\u00e4ftskonto)<\/p>\n","protected":false},"excerpt":{"rendered":"<p>Das Honorar errechnet sich grunds\u00e4tzlich gem\u00e4\u00df den rechtlichen Bestimmungen des Rechtsanwaltstarifgesetzes (RATG) und der Autonomen Honorarkriterien (AHK) f\u00fcr Rechtsanw\u00e4lte. Sollten Sie \u00fcber eine Rechtsschutzversicherung verf\u00fcgen, so ist die Erstberatung f\u00fcr Sie kostenlos. Eine Abrechnung erfolgt direkt durch meine Kanzlei \u00fcber Ihre Rechtsschutzversicherung. Im Zuge der \u201eErsten Anwaltlichen Auskunft\u201c bieten die Rechtsanwaltskammern \u00d6sterreichs ein kostenloses Orientierungsgespr\u00e4ch [&hellip;]<\/p>\n","protected":false},"author":1,"featured_media":0,"parent":0,"menu_order":0,"comment_status":"closed","ping_status":"closed","template":"","meta":[],"_links":{"self":[{"href":"https:\/\/www.prettenthaler.at\/index.php?rest_route=\/wp\/v2\/pages\/171"}],"collection":[{"href":"https:\/\/www.prettenthaler.at\/index.php?rest_route=\/wp\/v2\/pages"}],"about":[{"href":"https:\/\/www.prettenthaler.at\/index.php?rest_route=\/wp\/v2\/types\/page"}],"author":[{"embeddable":true,"href":"https:\/\/www.prettenthaler.at\/index.php?rest_route=\/wp\/v2\/users\/1"}],"replies":[{"embeddable":true,"href":"https:\/\/www.prettenthaler.at\/index.php?rest_route=%2Fwp%2Fv2%2Fcomments&post=171"}],"version-history":[{"count":12,"href":"https:\/\/www.prettenthaler.at\/index.php?rest_route=\/wp\/v2\/pages\/171\/revisions"}],"predecessor-version":[{"id":362,"href":"https:\/\/www.prettenthaler.at\/index.php?rest_route=\/wp\/v2\/pages\/171\/revisions\/362"}],"wp:attachment":[{"href":"https:\/\/www.prettenthaler.at\/index.php?rest_route=%2Fwp%2Fv2%2Fmedia&parent=171"}],"curies":[{"name":"wp","href":"https:\/\/api.w.org\/{rel}","templated":true}]}}