{"id":25,"date":"2013-06-14T09:48:45","date_gmt":"2013-06-14T07:48:45","guid":{"rendered":"http:\/\/www.prettenthaler.at\/?page_id=25"},"modified":"2021-07-06T19:57:31","modified_gmt":"2021-07-06T17:57:31","slug":"kontakt","status":"publish","type":"page","link":"https:\/\/www.prettenthaler.at\/?page_id=25","title":{"rendered":"Wie erreichen Sie uns?"},"content":{"rendered":"<p>&nbsp;<\/p>\n<table style=\"width: 100%; vertical-align: middle; text-align: center; border-spacing: 10px; border-collapse: collapse; margin: -45px 0 0;\">\n<tbody>\n<tr>\n<td style=\"width: 50%; height: 20px; text-align: left;\"><strong>Kanzleizeiten:<br \/>\n<\/strong>Mo bis Do von 08:00 &#8211; 17:00 Uhr<br \/>\nFr von 08:00 &#8211; 14:00 Uhr<\/td>\n<td style=\"width: 50%; height: 20px; text-align: left; padding-left: 30px;\"><strong>Tel<\/strong>:\u00a0 <a href=\"tel:+43314261200\">+43 (0) 3142 \/ 61200<\/a><br \/>\n<strong>E-Mail<\/strong>: <a href=\"mailto:office@prettenthaler.at\">office@prettenthaler.a<\/a><a href=\"mailto:office@prettenthaler.at\">t<\/a><\/td>\n<\/tr>\n<\/tbody>\n<\/table>\n<p>&nbsp;<\/p>\n<table style=\"width: 100%; vertical-align: middle; text-align: center; border-spacing: 10px; border-collapse: collapse; margin: -30px 0px 0px;\">\n<tbody>\n<tr>\n<td style=\"width: 50%; border-right: solid; height: 20px;\">\n<h2>Kanzlei B\u00e4rnbach<\/h2>\n<p>Voitsberger Stra\u00dfe 4<br \/>\n8572 B\u00e4rnbach<\/p>\n<p><a href=\"http:\/\/goo.gl\/maps\/O8cJI\" target=\"_blank\">Anfahrtsplan<\/a><\/p>\n<p>&nbsp;<\/td>\n<td style=\"width: 50%; height: 20px;\">\n<h2>B\u00fcro Graz<\/h2>\n<p>Schie\u00dfstattgasse 37<br \/>\n8010 Graz<\/p>\n<p><strong>Termine nach Vereinbarung<\/strong><\/p>\n<p><a href=\"http:\/\/goo.gl\/maps\/i9XZ7\" target=\"_blank\">Anfahrtsplan<\/a><\/td>\n<\/tr>\n<\/tbody>\n<\/table>\n","protected":false},"excerpt":{"rendered":"<p>&nbsp; Kanzleizeiten: Mo bis Do von 08:00 &#8211; 17:00 Uhr Fr von 08:00 &#8211; 14:00 Uhr Tel:\u00a0 +43 (0) 3142 \/ 61200 E-Mail: office@prettenthaler.at &nbsp; Kanzlei B\u00e4rnbach Voitsberger Stra\u00dfe 4 8572 B\u00e4rnbach Anfahrtsplan &nbsp; B\u00fcro Graz Schie\u00dfstattgasse 37 8010 Graz Termine nach Vereinbarung Anfahrtsplan<\/p>\n","protected":false},"author":1,"featured_media":69,"parent":0,"menu_order":3,"comment_status":"open","ping_status":"closed","template":"","meta":[],"_links":{"self":[{"href":"https:\/\/www.prettenthaler.at\/index.php?rest_route=\/wp\/v2\/pages\/25"}],"collection":[{"href":"https:\/\/www.prettenthaler.at\/index.php?rest_route=\/wp\/v2\/pages"}],"about":[{"href":"https:\/\/www.prettenthaler.at\/index.php?rest_route=\/wp\/v2\/types\/page"}],"author":[{"embeddable":true,"href":"https:\/\/www.prettenthaler.at\/index.php?rest_route=\/wp\/v2\/users\/1"}],"replies":[{"embeddable":true,"href":"https:\/\/www.prettenthaler.at\/index.php?rest_route=%2Fwp%2Fv2%2Fcomments&post=25"}],"version-history":[{"count":115,"href":"https:\/\/www.prettenthaler.at\/index.php?rest_route=\/wp\/v2\/pages\/25\/revisions"}],"predecessor-version":[{"id":498,"href":"https:\/\/www.prettenthaler.at\/index.php?rest_route=\/wp\/v2\/pages\/25\/revisions\/498"}],"wp:featuredmedia":[{"embeddable":true,"href":"https:\/\/www.prettenthaler.at\/index.php?rest_route=\/wp\/v2\/media\/69"}],"wp:attachment":[{"href":"https:\/\/www.prettenthaler.at\/index.php?rest_route=%2Fwp%2Fv2%2Fmedia&parent=25"}],"curies":[{"name":"wp","href":"https:\/\/api.w.org\/{rel}","templated":true}]}}