{"id":9,"date":"2013-06-06T17:37:43","date_gmt":"2013-06-06T15:37:43","guid":{"rendered":"http:\/\/www.prettenthaler.at\/?page_id=9"},"modified":"2014-05-26T19:35:03","modified_gmt":"2014-05-26T17:35:03","slug":"was-machen-wir","status":"publish","type":"page","link":"https:\/\/www.prettenthaler.at\/?page_id=9","title":{"rendered":"Was machen wir?"},"content":{"rendered":"<p>Zu unseren Spezialgebieten z\u00e4hlen Bergrecht, Immobilienrecht, Schadenersatzrecht, Vertragsrecht und Wirtschaftsrecht.<\/p>\n<p>Unser Beratungsbereich deckt auch den Privatbereich, von Wirtschaftsunternehmen, Banken und Versicherungen ab.<\/p>\n<p>Wir bieten Ihnen effiziente, kompetente, pers\u00f6nliche und kosteng\u00fcnstige Beratung in vielen Rechtsbereichen im Sinne von<\/p>\n<h3 align=\"center\"><span style=\"color: #29235c;\"><i>\u201eRecht erfolgreich vertreten&#8220;<\/i><\/span><\/h3>\n<p>&nbsp;<\/p>\n<div id=\"thethe-accord-1\" class=\"thethe-accord-group\"><h3 class=\"thethe-accordion-header\"><a href=\"#thethe-accordion-content-1\">Arbeits- und Sozialrecht<\/a><\/h3><div id=\"thethe-accordion-content-1\"><\/p>\n<p>Das Arbeits- und Sozialrecht ist vielschichtig; es umfasst Bereiche wie etwa Arbeitsvertr\u00e4ge, Sozialversicherung, Arbeitsunf\u00e4higkeit, Krankenstand.<\/p>\n<p>Wir vertreten Sie in allen Belangen des Arbeitslebens wie etwa<\/p>\n<ul>\n<li>Erstellung und Pr\u00fcfung der Begr\u00fcndung, \u00c4nderung oder Aufl\u00f6sung von Arbeits- und Dienstverh\u00e4ltnissen<\/li>\n<li>Erstellung und Pr\u00fcfung von Arbeitsvertr\u00e4gen<\/li>\n<li>Vertretung vor dem Arbeits- und Sozialgericht<\/li>\n<\/ul>\n<p><\/div><h3 class=\"thethe-accordion-header\"><a href=\"#thethe-accordion-content-2\">Bergrecht<\/a><\/h3><div id=\"thethe-accordion-content-2\"><\/p>\n<p>Das Bergrecht besch\u00e4ftigt sich mit den rechtlichen Rahmenbedingungen der Gewinnung und Verarbeitung von Rohstoffen. Aufgrund jahrelanger Erfahrung aus der Betreuung renommierter Bergbaubetriebe bieten wir Ihnen folgende Leistungen:<\/p>\n<ul>\n<li>Unterst\u00fctzung von Verfahren und Zulassung von Betriebspl\u00e4nen und Abschlussbetriebspl\u00e4nen<\/li>\n<li>Unterst\u00fctzung von Bergbaubetrieben bei der Abwehr und Abwicklung von Bergsch\u00e4den<\/li>\n<li>Durchsetzung von Bergschadensanspr\u00fcchen von Gesch\u00e4digten<\/li>\n<\/ul>\n<p><\/div><h3 class=\"thethe-accordion-header\"><a href=\"#thethe-accordion-content-3\">Ehe- und Familienrecht, Kindschaftsrecht, Eingetragene Partnerschaften<\/a><\/h3><div id=\"thethe-accordion-content-3\"><\/p>\n<p>Dieser Rechtsbereich ist umfassend, die Begr\u00fcndung einer Ehe, Lebensgemeinschaft oder Partnerschaft wirft verschiedene Fragen auf: Ab wann besteht eine Lebensgemeinschaft oder Partnerschaft, welchen Namen kann ich tragen, wie sieht es hinsichtlich des eingebrachten Verm\u00f6gens aus, soll ich einen Ehevertrag abschlie\u00dfen, wie sieht es im Fall einer Scheidung bzw. Trennung aus, wie gestaltet sich das Obsorgerecht &#8230;<\/p>\n<p>Unsere Kanzlei bietet Ihnen<\/p>\n<ul>\n<li>Beratung vor dem Eingehen einer Ehe, Lebensgemeinschaft, Partnerschaft (Ehevertrag)<\/li>\n<li>Unterst\u00fctzung bei Scheidung und Trennung im Zusammenhang mit dem\n<ul>\n<li>Unterhaltsrecht, Sorgerecht<\/li>\n<\/ul>\n<ul>\n<li>Verm\u00f6gensauseinandersetzung<\/li>\n<\/ul>\n<ul>\n<li>Geltendmachung und Abwehr von Anspr\u00fcchen auf Kindesunterhalt<\/li>\n<\/ul>\n<ul>\n<li>Gestaltung von Scheidungsregelungen und Verm\u00f6gensregelungen von Selbst\u00e4ndigen und Freiberuflern<\/li>\n<\/ul>\n<\/li>\n<\/ul>\n<p>&nbsp;<\/p>\n<p><\/div><h3 class=\"thethe-accordion-header\"><a href=\"#thethe-accordion-content-4\">Erbrecht<\/a><\/h3><div id=\"thethe-accordion-content-4\"><\/p>\n<p>Das Erbrecht regelt die verm\u00f6gensrechtlichen Angelegenheiten einer Familie bzw. eines Unternehmens. Schon zu Lebzeiten sollte man Vorkehrungen f\u00fcr sich, seine Familie oder das Unternehmen im Falle eines Ablebens treffen.<\/p>\n<p>Wir unterst\u00fctzen und beraten Sie in folgenden Fragen<\/p>\n<ul>\n<li>Wie viel Verm\u00f6gen ist vorhanden?<\/li>\n<li>Wer sind die rechtm\u00e4\u00dfigen Erben?<\/li>\n<li>Wann kann eine Enterbung erfolgen?<\/li>\n<li>Zuwendungen schon zu Lebzeiten und ihre Auswirkungen auf die H\u00f6he der Erbschaft?<\/li>\n<li>Formvorschriften f\u00fcr Testamente<\/li>\n<\/ul>\n<p><\/div><h3 class=\"thethe-accordion-header\"><a href=\"#thethe-accordion-content-5\">Gesellschaftsrecht<\/a><\/h3><div id=\"thethe-accordion-content-5\"><\/p>\n<p>Im Gesellschaftsrecht werden die rechtlichen Rahmenbedingungen bei der Gr\u00fcndung, w\u00e4hrend des Bestandes und der Aufl\u00f6sung von Unternehmen unterschiedlicher Rechtsformen (Einzelunternehmen, Gesellschaft mit beschr\u00e4nkter Haftung, Aktiengesellschaft etc.) bestimmt.<\/p>\n<p>Wir beraten Sie umfassend in Fragen der<\/p>\n<ul>\n<li>Gr\u00fcndung einer Gesellschaft<\/li>\n<li>Errichtung eines Gesellschaftsvertrages<\/li>\n<li>Vertretung bei gesellschaftsrechtlichen Streitigkeiten<\/li>\n<\/ul>\n<p><\/div><h3 class=\"thethe-accordion-header\"><a href=\"#thethe-accordion-content-6\">Gew\u00e4hrleistung<\/a><\/h3><div id=\"thethe-accordion-content-6\"><\/p>\n<p>Die Gew\u00e4hrleistung bestimmt die Folgen und Anspr\u00fcche, die dem K\u00e4ufer\/K\u00e4uferin zustehen, wenn der Verk\u00e4ufer\/Verk\u00e4uferin oder die Werkerstellung eine mangelhafte Sache geliefert hat.<\/p>\n<p>Wir bieten<\/p>\n<ul>\n<li>Aufkl\u00e4rung \u00fcber den Unterschied von Gew\u00e4hrleistung und Garantie<\/li>\n<li>die Erstellung Allgemeiner Gesch\u00e4ftsbedingungen<\/li>\n<li>Vertretung in der au\u00dfergerichtlichen und gerichtlichen Durchsetzung von Anspr\u00fcchen der M\u00e4ngelbehebung bei beweglichen und unbeweglichen Sachen<\/li>\n<\/ul>\n<p><\/div><h3 class=\"thethe-accordion-header\"><a href=\"#thethe-accordion-content-7\">Immobilienrecht<\/a><\/h3><div id=\"thethe-accordion-content-7\"><\/p>\n<p>Das kaum f\u00fcr Laien \u00fcberschaubare Immobilienrecht regelt den gesamten Immobilienbereich (Liegenschaften, H\u00e4user, Wohnungen etc.).<\/p>\n<p>Wir bieten Ihnen folgende Leistungen<\/p>\n<ul>\n<li>Erstellung und Pr\u00fcfung von Kauf- und Schenkungsvertr\u00e4gen, Optionen, Pfandvertr\u00e4gen, Bautr\u00e4gervertr\u00e4gen etc.<\/li>\n<li>Treuhandabwicklung, d.h. alles, was bei der Finanzierung des Kaufpreises durch ein Kreditinstitut notwendig ist<\/li>\n<li>Berechnung und Abfuhr der Grunderwerbssteuer, Grundbuchseintragungsgeb\u00fchr, Immobilienertragssteuer<\/li>\n<\/ul>\n<p>Wir treten auch als Bautr\u00e4ger (Treuh\u00e4nder) nach dem Bautr\u00e4gervertragsgesetz auf.<\/p>\n<p><\/div><h3 class=\"thethe-accordion-header\"><a href=\"#thethe-accordion-content-8\">Inkassowesen\/Exekutionsrecht<\/a><\/h3><div id=\"thethe-accordion-content-8\"><\/p>\n<p>Dieses Recht umfasst die gerichtliche und au\u00dfergerichtliche Durchsetzung der Anspr\u00fcche auf Zahlung des Werklohnes, Kaufpreises, Miete etc.<\/p>\n<p>Wir bieten Ihnen Beratung und effiziente Vertretung in der au\u00dfergerichtlichen und gerichtlichen Durchsetzung Ihrer Anliegen.<br \/><\/div><h3 class=\"thethe-accordion-header\"><a href=\"#thethe-accordion-content-9\">Insolvenz<\/a><\/h3><div id=\"thethe-accordion-content-9\"><\/p>\n<p>Das Insolvenzrecht regelt die Abwicklung von Insolvenzen von Unternehmen und Privatpersonen.<\/p>\n<p>Wir bieten Ihnen Beratung und Unterst\u00fctzung<\/p>\n<ul>\n<li>bei drohender Zahlungsunf\u00e4higkeit<\/li>\n<li>bei der Einleitung eines Schuldenregulierungsverfahrens oder Insolvenzantrages<\/li>\n<li>bei der Anmeldung Ihrer Anspr\u00fcche im Insolvenzverfahren<\/li>\n<\/ul>\n<p><\/div><h3 class=\"thethe-accordion-header\"><a href=\"#thethe-accordion-content-10\">Strafrecht<\/a><\/h3><div id=\"thethe-accordion-content-10\"><\/p>\n<p>Durch das Strafrecht macht der Staat seinen Anspruch auf Bestrafung von strafbaren Handlungen geltend.<\/p>\n<p>Wir vertreten Sie in allen gerichtlichen Instanzen als Strafverteidiger.<\/p>\n<p><\/div><h3 class=\"thethe-accordion-header\"><a href=\"#thethe-accordion-content-11\">Schadenersatz<\/a><\/h3><div id=\"thethe-accordion-content-11\"><\/p>\n<p>Durch das Schadenersatzrecht erhalten Sie den Anspruch auf Wiederherstellung des Urzustandes oder Geldersatz gegen\u00fcber dem Sch\u00e4diger\/Sch\u00e4digerin.<\/p>\n<p>Wir \u00fcbernehmen f\u00fcr Sie<\/p>\n<ul>\n<li>die Abwicklung und Durchsetzung Ihrer Schadenersatzanspr\u00fcche gegen\u00fcber dem Sch\u00e4diger\/Sch\u00e4digerin und den Versicherungen bei\n<ul>\n<li>Verkehrsunf\u00e4llen, allgemeinen Unfallsch\u00e4den<\/li>\n<li>Wertminderung von Fahrzeugen, Schmerzensgeld<\/li>\n<li>Verdienstentgang<\/li>\n<\/ul>\n<\/li>\n<\/ul>\n<ul>\n<li>die Geltendmachung von Sch\u00e4den aus einem Vertragsverh\u00e4ltnis.<\/li>\n<\/ul>\n<p><\/div><h3 class=\"thethe-accordion-header\"><a href=\"#thethe-accordion-content-12\">Vertragswesen <\/a><\/h3><div id=\"thethe-accordion-content-12\"><\/p>\n<p>Das Vertragsrecht regelt die rechtlichen und wirtschaftlichen Beziehungen von Vertragspartnern\/Vertragspartnerinnen, die sich entschlossen haben, ein Rechtsgesch\u00e4ft abzuschlie\u00dfen.<\/p>\n<p>Wir bieten Ihnen umfassende Beratung und Dienstleistung<\/p>\n<ul>\n<li>im Zusammenhang mit der Errichtung von Vertr\u00e4gen (Kauf-, Miet- und Schenkungsvertr\u00e4ge, Allgemeine Gesch\u00e4ftsbedingungen, letztwillige Verf\u00fcgungen)<\/li>\n<li>Abwicklung von Vertr\u00e4gen, wie Eintragung von Testamenten ins Testamentsregister<\/li>\n<li>Abwicklung bei der \u00dcbertragung von Liegenschaften zusammen mit der finanzierenden Bank, Sicherstellung des K\u00e4ufers\/K\u00e4uferin und Verk\u00e4ufers\/Verk\u00e4uferin, Einbeziehung steuerlicher Aspekte<\/li>\n<li>Grundb\u00fccherliche Durchf\u00fchrung aller Vertr\u00e4ge<\/li>\n<\/ul>\n<p><\/div><h3 class=\"thethe-accordion-header\"><a href=\"#thethe-accordion-content-13\">Verwaltungs(straf)recht<\/a><\/h3><div id=\"thethe-accordion-content-13\"><\/p>\n<p>Das Verwaltungs(straf)recht regelt viele Bereiche des Alltagslebens, wie etwa Stra\u00dfenverkehrsordnung, Gewerbeordnung, Bauordnungen etc.<\/p>\n<p>Wir beraten und vertreten Sie<\/p>\n<ul>\n<li>im Verwaltungsstraf- oder F\u00fchrerscheinentzugsverfahren<\/li>\n<li>bei Problemen mit der Gewerbebeh\u00f6rde<\/li>\n<li>im Bauverfahren bei der Errichtung von Geb\u00e4uden oder als beeintr\u00e4chtigter Nachbar<\/li>\n<\/ul>\n<p><\/div><\/div><script type='text\/javascript'>\njQuery(\"#thethe-accord-1\").accordion({disabled:false,autoHeight:false,event:'click'});<\/script>\n","protected":false},"excerpt":{"rendered":"<p>Zu unseren Spezialgebieten z\u00e4hlen Bergrecht, Immobilienrecht, Schadenersatzrecht, Vertragsrecht und Wirtschaftsrecht. Unser Beratungsbereich deckt auch den Privatbereich, von Wirtschaftsunternehmen, Banken und Versicherungen ab. Wir bieten Ihnen effiziente, kompetente, pers\u00f6nliche und kosteng\u00fcnstige Beratung in vielen Rechtsbereichen im Sinne von \u201eRecht erfolgreich vertreten&#8220; &nbsp;<\/p>\n","protected":false},"author":1,"featured_media":219,"parent":0,"menu_order":0,"comment_status":"open","ping_status":"open","template":"page-big.php","meta":[],"_links":{"self":[{"href":"https:\/\/www.prettenthaler.at\/index.php?rest_route=\/wp\/v2\/pages\/9"}],"collection":[{"href":"https:\/\/www.prettenthaler.at\/index.php?rest_route=\/wp\/v2\/pages"}],"about":[{"href":"https:\/\/www.prettenthaler.at\/index.php?rest_route=\/wp\/v2\/types\/page"}],"author":[{"embeddable":true,"href":"https:\/\/www.prettenthaler.at\/index.php?rest_route=\/wp\/v2\/users\/1"}],"replies":[{"embeddable":true,"href":"https:\/\/www.prettenthaler.at\/index.php?rest_route=%2Fwp%2Fv2%2Fcomments&post=9"}],"version-history":[{"count":55,"href":"https:\/\/www.prettenthaler.at\/index.php?rest_route=\/wp\/v2\/pages\/9\/revisions"}],"predecessor-version":[{"id":418,"href":"https:\/\/www.prettenthaler.at\/index.php?rest_route=\/wp\/v2\/pages\/9\/revisions\/418"}],"wp:featuredmedia":[{"embeddable":true,"href":"https:\/\/www.prettenthaler.at\/index.php?rest_route=\/wp\/v2\/media\/219"}],"wp:attachment":[{"href":"https:\/\/www.prettenthaler.at\/index.php?rest_route=%2Fwp%2Fv2%2Fmedia&parent=9"}],"curies":[{"name":"wp","href":"https:\/\/api.w.org\/{rel}","templated":true}]}}